{"id":13,"date":"2021-01-19T19:32:21","date_gmt":"2021-01-19T19:32:21","guid":{"rendered":"https:\/\/senerg.eu\/?page_id=13"},"modified":"2026-01-29T10:26:08","modified_gmt":"2026-01-29T09:26:08","slug":"o-nas","status":"publish","type":"page","link":"https:\/\/www.inwerter.com\/?page_id=13","title":{"rendered":"Poznaj nasz\u0105 firm\u0119"},"content":{"rendered":"\n<p>Nasza firma powsta\u0142a w 1999 roku. Od pocz\u0105tku dzia\u0142alno\u015bci zajmowali\u015bmy si\u0119 nowoczesnymi technologiami informatycznymi oraz energetycznymi. W 2015 roku rozszerzyli\u015bmy dzia\u0142alno\u015b\u0107 o energetyk\u0119 odnawialn\u0105. W 2019 roku powsta\u0142 nasz sklep internetowy oraz hurtownia.<br>W 2020 roku powsta\u0142 salon fotowoltaiczny, a od 2021 rozpocz\u0119li\u015bmy produkcj\u0119 konstrukcji fotowoltaicznych. Posiadamy r\u00f3wnie\u017c w\u0142asne biuro projektowe.<\/p>\n\n\n\n<p>Nasze biuro projektowe posiada wyspecjalizowan\u0105 kadr\u0119 specjalist\u00f3w z dziedziny architektury, energetyki budynk\u00f3w, instalacji sanitarnych oraz elektrycznych.<\/p>\n\n\n<div class=\"wp-block-image\">\n<figure class=\"aligncenter size-full\"><img decoding=\"async\" src=\"https:\/\/www.inwerter.com\/wp-content\/uploads\/2025\/02\/inwertercom-1.png\" alt=\"\" class=\"wp-image-1267\"\/><\/figure>\n<\/div>\n\n\n<p>Wykonujemy du\u017ce projekty energetyczne dla budynk\u00f3w mieszkalnych oraz us\u0142ugowych w wielu miastach Polski. Poni\u017cej przyk\u0142adowe realizacje (osiedla mieszkaniowo-us\u0142ugowe, centra handlowe lub przedsi\u0119biorstwa produkcyjne):<\/p>\n\n\n\n<figure class=\"wp-block-gallery has-nested-images columns-default is-cropped wp-block-gallery-1 is-layout-flex wp-block-gallery-is-layout-flex\">\n<figure class=\"wp-block-image size-large\"><img decoding=\"async\" data-id=\"1276\" src=\"https:\/\/www.inwerter.com\/wp-content\/uploads\/2025\/02\/1-1-1-1024x495.jpg\" alt=\"\" class=\"wp-image-1276\"\/><\/figure>\n\n\n\n<figure class=\"wp-block-image size-large\"><img decoding=\"async\" data-id=\"1271\" src=\"https:\/\/www.inwerter.com\/wp-content\/uploads\/2025\/02\/2-1-1024x592.jpg\" alt=\"\" class=\"wp-image-1271\"\/><\/figure>\n<\/figure>\n\n\n\n<figure class=\"wp-block-gallery has-nested-images columns-default is-cropped wp-block-gallery-2 is-layout-flex wp-block-gallery-is-layout-flex\">\n<figure class=\"wp-block-image size-large\"><img decoding=\"async\" data-id=\"1278\" src=\"https:\/\/www.inwerter.com\/wp-content\/uploads\/2025\/02\/3-1-1-1024x553.jpg\" alt=\"\" class=\"wp-image-1278\"\/><\/figure>\n\n\n\n<figure class=\"wp-block-image size-large\"><img decoding=\"async\" data-id=\"1274\" src=\"https:\/\/www.inwerter.com\/wp-content\/uploads\/2025\/02\/4-1-855x1024.jpg\" alt=\"\" class=\"wp-image-1274\"\/><\/figure>\n<\/figure>\n\n\n\n<figure class=\"wp-block-image size-large\"><img loading=\"lazy\" decoding=\"async\" width=\"1024\" height=\"502\" src=\"https:\/\/www.inwerter.com\/wp-content\/uploads\/2026\/01\/Beznazwy-1-2-1024x502.jpg\" alt=\"\" class=\"wp-image-1602\" srcset=\"https:\/\/www.inwerter.com\/wp-content\/uploads\/2026\/01\/Beznazwy-1-2-1024x502.jpg 1024w, https:\/\/www.inwerter.com\/wp-content\/uploads\/2026\/01\/Beznazwy-1-2-300x147.jpg 300w, https:\/\/www.inwerter.com\/wp-content\/uploads\/2026\/01\/Beznazwy-1-2-768x376.jpg 768w, https:\/\/www.inwerter.com\/wp-content\/uploads\/2026\/01\/Beznazwy-1-2-1536x753.jpg 1536w, https:\/\/www.inwerter.com\/wp-content\/uploads\/2026\/01\/Beznazwy-1-2-2048x1004.jpg 2048w\" sizes=\"auto, (max-width: 1024px) 100vw, 1024px\" \/><\/figure>\n\n\n\n<figure class=\"wp-block-gallery has-nested-images columns-default is-cropped wp-block-gallery-3 is-layout-flex wp-block-gallery-is-layout-flex\">\n<figure class=\"wp-block-image size-large\"><img decoding=\"async\" data-id=\"1353\" src=\"https:\/\/www.inwerter.com\/wp-content\/uploads\/2025\/02\/suszarnia-1-1024x596.jpg\" alt=\"\" class=\"wp-image-1353\"\/><\/figure>\n\n\n\n<figure class=\"wp-block-image size-large\"><img decoding=\"async\" data-id=\"1349\" src=\"https:\/\/www.inwerter.com\/wp-content\/uploads\/2025\/02\/leszno-1-1024x733.jpg\" alt=\"\" class=\"wp-image-1349\"\/><\/figure>\n<\/figure>\n\n\n\n<figure class=\"wp-block-gallery has-nested-images columns-default is-cropped wp-block-gallery-4 is-layout-flex wp-block-gallery-is-layout-flex\">\n<figure class=\"wp-block-image size-large\"><img decoding=\"async\" data-id=\"1366\" src=\"https:\/\/www.inwerter.com\/wp-content\/uploads\/2025\/05\/Beznazwy-1-1024x511.jpg\" alt=\"\" class=\"wp-image-1366\"\/><\/figure>\n<\/figure>\n\n\n\n<figure class=\"wp-block-gallery has-nested-images columns-default is-cropped wp-block-gallery-5 is-layout-flex wp-block-gallery-is-layout-flex\">\n<figure class=\"wp-block-image size-large\"><img decoding=\"async\" data-id=\"1367\" src=\"https:\/\/www.inwerter.com\/wp-content\/uploads\/2025\/05\/Beznazwy-1-1-1024x768.jpg\" alt=\"\" class=\"wp-image-1367\"\/><\/figure>\n<\/figure>\n\n\n\n<figure class=\"wp-block-image size-large\"><img loading=\"lazy\" decoding=\"async\" width=\"1024\" height=\"769\" src=\"https:\/\/www.inwerter.com\/wp-content\/uploads\/2026\/01\/Beznazwy-2-1024x769.jpg\" alt=\"\" class=\"wp-image-1594\" srcset=\"https:\/\/www.inwerter.com\/wp-content\/uploads\/2026\/01\/Beznazwy-2-1024x769.jpg 1024w, https:\/\/www.inwerter.com\/wp-content\/uploads\/2026\/01\/Beznazwy-2-300x225.jpg 300w, https:\/\/www.inwerter.com\/wp-content\/uploads\/2026\/01\/Beznazwy-2-768x576.jpg 768w, https:\/\/www.inwerter.com\/wp-content\/uploads\/2026\/01\/Beznazwy-2-1536x1153.jpg 1536w, https:\/\/www.inwerter.com\/wp-content\/uploads\/2026\/01\/Beznazwy-2-2048x1537.jpg 2048w\" sizes=\"auto, (max-width: 1024px) 100vw, 1024px\" \/><\/figure>\n\n\n\n<figure class=\"wp-block-gallery has-nested-images columns-default is-cropped wp-block-gallery-6 is-layout-flex wp-block-gallery-is-layout-flex\">\n<figure class=\"wp-block-image size-large\"><img loading=\"lazy\" decoding=\"async\" width=\"607\" height=\"1024\" data-id=\"1598\" src=\"https:\/\/www.inwerter.com\/wp-content\/uploads\/2026\/01\/Beznazwy-4-607x1024.jpg\" alt=\"\" class=\"wp-image-1598\" srcset=\"https:\/\/www.inwerter.com\/wp-content\/uploads\/2026\/01\/Beznazwy-4-607x1024.jpg 607w, https:\/\/www.inwerter.com\/wp-content\/uploads\/2026\/01\/Beznazwy-4-178x300.jpg 178w, https:\/\/www.inwerter.com\/wp-content\/uploads\/2026\/01\/Beznazwy-4-768x1295.jpg 768w, https:\/\/www.inwerter.com\/wp-content\/uploads\/2026\/01\/Beznazwy-4-911x1536.jpg 911w, https:\/\/www.inwerter.com\/wp-content\/uploads\/2026\/01\/Beznazwy-4-1214x2048.jpg 1214w, https:\/\/www.inwerter.com\/wp-content\/uploads\/2026\/01\/Beznazwy-4-scaled.jpg 1518w\" sizes=\"auto, (max-width: 607px) 100vw, 607px\" \/><\/figure>\n\n\n\n<figure class=\"wp-block-image size-large\"><img loading=\"lazy\" decoding=\"async\" width=\"508\" height=\"1024\" data-id=\"1599\" src=\"https:\/\/www.inwerter.com\/wp-content\/uploads\/2026\/01\/Beznazwy-1-1-508x1024.jpg\" alt=\"\" class=\"wp-image-1599\" srcset=\"https:\/\/www.inwerter.com\/wp-content\/uploads\/2026\/01\/Beznazwy-1-1-508x1024.jpg 508w, https:\/\/www.inwerter.com\/wp-content\/uploads\/2026\/01\/Beznazwy-1-1-149x300.jpg 149w, https:\/\/www.inwerter.com\/wp-content\/uploads\/2026\/01\/Beznazwy-1-1-768x1548.jpg 768w, https:\/\/www.inwerter.com\/wp-content\/uploads\/2026\/01\/Beznazwy-1-1-762x1536.jpg 762w, https:\/\/www.inwerter.com\/wp-content\/uploads\/2026\/01\/Beznazwy-1-1-1016x2048.jpg 1016w, https:\/\/www.inwerter.com\/wp-content\/uploads\/2026\/01\/Beznazwy-1-1.jpg 1270w\" sizes=\"auto, (max-width: 508px) 100vw, 508px\" \/><\/figure>\n<\/figure>\n","protected":false},"excerpt":{"rendered":"<p>Nasza firma powsta\u0142a w 1999 roku. Od pocz\u0105tku dzia\u0142alno\u015bci zajmowali\u015bmy si\u0119 nowoczesnymi technologiami informatycznymi oraz energetycznymi. W 2015 roku rozszerzyli\u015bmy dzia\u0142alno\u015b\u0107 o energetyk\u0119 odnawialn\u0105. W 2019 roku powsta\u0142 nasz sklep&hellip; <\/p>\n","protected":false},"author":1,"featured_media":0,"parent":0,"menu_order":0,"comment_status":"closed","ping_status":"closed","template":"","meta":{"footnotes":""},"class_list":["post-13","page","type-page","status-publish","hentry"],"_links":{"self":[{"href":"https:\/\/www.inwerter.com\/index.php?rest_route=\/wp\/v2\/pages\/13","targetHints":{"allow":["GET"]}}],"collection":[{"href":"https:\/\/www.inwerter.com\/index.php?rest_route=\/wp\/v2\/pages"}],"about":[{"href":"https:\/\/www.inwerter.com\/index.php?rest_route=\/wp\/v2\/types\/page"}],"author":[{"embeddable":true,"href":"https:\/\/www.inwerter.com\/index.php?rest_route=\/wp\/v2\/users\/1"}],"replies":[{"embeddable":true,"href":"https:\/\/www.inwerter.com\/index.php?rest_route=%2Fwp%2Fv2%2Fcomments&post=13"}],"version-history":[{"count":3,"href":"https:\/\/www.inwerter.com\/index.php?rest_route=\/wp\/v2\/pages\/13\/revisions"}],"predecessor-version":[{"id":1603,"href":"https:\/\/www.inwerter.com\/index.php?rest_route=\/wp\/v2\/pages\/13\/revisions\/1603"}],"wp:attachment":[{"href":"https:\/\/www.inwerter.com\/index.php?rest_route=%2Fwp%2Fv2%2Fmedia&parent=13"}],"curies":[{"name":"wp","href":"https:\/\/api.w.org\/{rel}","templated":true}]}}