{"id":1439,"date":"2025-08-03T18:41:52","date_gmt":"2025-08-03T16:41:52","guid":{"rendered":"https:\/\/www.senerg.eu\/?page_id=1439"},"modified":"2026-04-05T06:39:49","modified_gmt":"2026-04-05T04:39:49","slug":"projekty","status":"publish","type":"page","link":"https:\/\/www.inwerter.com\/?page_id=1439","title":{"rendered":"Oferta"},"content":{"rendered":"\n<hr class=\"wp-block-separator has-alpha-channel-opacity\"\/>\n\n\n\n<div class=\"wp-block-columns is-layout-flex wp-container-core-columns-is-layout-9d6595d7 wp-block-columns-is-layout-flex\">\n<div class=\"wp-block-column is-layout-flow wp-block-column-is-layout-flow\"><div class=\"wp-block-image\">\n<figure class=\"aligncenter size-full is-resized\"><img loading=\"lazy\" decoding=\"async\" width=\"747\" height=\"691\" src=\"http:\/\/www.inwerter.com\/wp-content\/uploads\/2025\/12\/reklama-FB-wymiar.jpg\" alt=\"\" class=\"wp-image-1505\" style=\"aspect-ratio:1.0810635010976501;width:439px;height:auto\" srcset=\"https:\/\/www.inwerter.com\/wp-content\/uploads\/2025\/12\/reklama-FB-wymiar.jpg 747w, https:\/\/www.inwerter.com\/wp-content\/uploads\/2025\/12\/reklama-FB-wymiar-300x278.jpg 300w\" sizes=\"auto, (max-width: 747px) 100vw, 747px\" \/><\/figure>\n<\/div><\/div>\n<\/div>\n\n\n\n<div class=\"wp-block-group alignwide has-background\" style=\"background-color:#ffffff\"><div class=\"wp-block-group__inner-container is-layout-flow wp-block-group-is-layout-flow\">\n<div class=\"wp-block-group\"><div class=\"wp-block-group__inner-container is-layout-flow wp-block-group-is-layout-flow\">\n<hr class=\"wp-block-separator has-alpha-channel-opacity\"\/>\n\n\n\n<p class=\"has-medium-font-size\"><strong>Projekty MES<\/strong><\/p>\n\n\n\n<p class=\"has-medium-font-size\"><strong>Dob\u00f3r materia\u0142\u00f3w i weryfikacja za\u0142o\u017ce\u0144 konstrukcyjnych z wykorzystaniem symulacji MES<\/strong><br>Wykorzystujemy zaawansowane modele materia\u0142owe dost\u0119pne w Ansys Mechanical (m.in.&nbsp;modele spr\u0119\u017cyste, plastyczne, hiperelastyczne) do precyzyjnego odwzorowania zachowania element\u00f3w. Poprzez symulacje numeryczne weryfikujemy poprawno\u015b\u0107 przyj\u0119tych za\u0142o\u017ce\u0144 projektowych, optymalizujemy geometri\u0119 oraz zapobiegamy potencjalnym b\u0142\u0119dom jeszcze na etapie projektowania.<\/p>\n\n\n\n<p class=\"has-medium-font-size\"><strong>Analiza zgodno\u015bci konstrukcji z wymogami normowymi (Code Compliance)<\/strong><br>Przeprowadzamy kompleksowe obliczenia wytrzyma\u0142o\u015bciowe zgodnie z obowi\u0105zuj\u0105cymi normami (m.in. &nbsp;Eurokody, PN, ASME, PED). Weryfikujemy i modyfikujemy produkty w \u015brodowisku Ansys, aby spe\u0142nia\u0142y rygorystyczne kryteria normowe dotycz\u0105ce napr\u0119\u017ce\u0144 dopuszczalnych, stateczno\u015bci i sztywno\u015bci.<\/p>\n\n\n\n<p class=\"has-medium-font-size\"><strong>Zaawansowana ocena stanu technicznego konstrukcji i urz\u0105dze\u0144 metod\u0105 element\u00f3w sko\u0144czonych (MES)<\/strong><br>\u015awiadczymy us\u0142ugi eksperckie w zakresie analizy wytrzyma\u0142o\u015bciowej istniej\u0105cych konstrukcji, urz\u0105dze\u0144 i ich komponent\u00f3w. Tworzymy szczeg\u00f3\u0142owe modele numeryczne w Ansys Mechanical, kt\u00f3re odwzorowuj\u0105 rzeczywiste warunki obci\u0105\u017cenia, zamocowania oraz interakcje mi\u0119dzy elementami, umo\u017cliwiaj\u0105c dok\u0142adn\u0105 diagnoz\u0119 stanu technicznego.<\/p>\n\n\n\n<p class=\"has-medium-font-size\"><strong>Analiza przyczyn uszkodze\u0144 (Failure Analysis) i prognozowanie trwa\u0142o\u015bci<\/strong><br>Identyfikujemy \u017ar\u00f3d\u0142a nadmiernych napr\u0119\u017ce\u0144, strefy koncentracji napr\u0119\u017ce\u0144 oraz mechanizmy zniszczenia (np. zm\u0119czenie materia\u0142u). Na podstawie symulacji MES okre\u015blamy wp\u0142yw wykrytych uszkodze\u0144 na bezpiecze\u0144stwo i dalsz\u0105 eksploatacj\u0119 obiektu, a tak\u017ce opracowujemy rekomendacje dotycz\u0105ce niezb\u0119dnych napraw lub wzmocnie\u0144.<\/p>\n\n\n\n<div class=\"wp-block-columns is-layout-flex wp-container-core-columns-is-layout-9d6595d7 wp-block-columns-is-layout-flex\">\n<div class=\"wp-block-column is-layout-flow wp-block-column-is-layout-flow\">\n<figure class=\"wp-block-image size-large\"><img loading=\"lazy\" decoding=\"async\" width=\"1024\" height=\"471\" src=\"https:\/\/www.inwerter.com\/wp-content\/uploads\/2026\/03\/siatka-1-1024x471.png\" alt=\"\" class=\"wp-image-1657\" srcset=\"https:\/\/www.inwerter.com\/wp-content\/uploads\/2026\/03\/siatka-1-1024x471.png 1024w, https:\/\/www.inwerter.com\/wp-content\/uploads\/2026\/03\/siatka-1-300x138.png 300w, https:\/\/www.inwerter.com\/wp-content\/uploads\/2026\/03\/siatka-1-768x353.png 768w, https:\/\/www.inwerter.com\/wp-content\/uploads\/2026\/03\/siatka-1.png 1446w\" sizes=\"auto, (max-width: 1024px) 100vw, 1024px\" \/><\/figure>\n<\/div>\n\n\n\n<div class=\"wp-block-column is-layout-flow wp-block-column-is-layout-flow\">\n<figure class=\"wp-block-image size-full\"><img loading=\"lazy\" decoding=\"async\" width=\"784\" height=\"667\" src=\"https:\/\/www.inwerter.com\/wp-content\/uploads\/2026\/03\/zmiany-2.png\" alt=\"\" class=\"wp-image-1658\" srcset=\"https:\/\/www.inwerter.com\/wp-content\/uploads\/2026\/03\/zmiany-2.png 784w, https:\/\/www.inwerter.com\/wp-content\/uploads\/2026\/03\/zmiany-2-300x255.png 300w, https:\/\/www.inwerter.com\/wp-content\/uploads\/2026\/03\/zmiany-2-768x653.png 768w\" sizes=\"auto, (max-width: 784px) 100vw, 784px\" \/><\/figure>\n<\/div>\n<\/div>\n\n\n\n<hr class=\"wp-block-separator has-alpha-channel-opacity\"\/>\n\n\n\n<p class=\"has-medium-font-size\"><strong>\u015awiadectwa charakterystyki energetycznej<\/strong><\/p>\n\n\n\n<p class=\"has-medium-font-size\">Wykonujemy \u015bwiadectwa dla wszystkich rodzaj\u00f3w budynk\u00f3w na terenie ca\u0142ej Polski. Posiadamy audytor\u00f3w w czterech oddzia\u0142ach firmy: Wroc\u0142aw, Leszno, Pozna\u0144 oraz Warszawa.<br>Wi\u0119cej informacji &#8211; <a href=\"https:\/\/www.inwerter.com\/?page_id=938\" data-type=\"link\" data-id=\"https:\/\/www.inwerter.com\/?page_id=938\">https:\/\/www.inwerter.com\/?page_id=938<\/a><\/p>\n\n\n\n<hr class=\"wp-block-separator has-alpha-channel-opacity\"\/>\n\n\n\n<p class=\"has-medium-font-size\"><strong>Projektowana charakterystyka energetyczna<\/strong><\/p>\n\n\n\n<p class=\"has-medium-font-size\">Zgodnie z ROZPORZ\u0104DZENIEM MINISTRA TRANSPORTU, BUDOWNICTWA I GOSPODARKI MORSKIEJ z dnia 21 czerwca 2013 r. wym\u00f3g przygotowania analizy dotycz\u0105cej zastosowania alternatywnych system\u00f3w zaopatrzenia w energi\u0119 i ciep\u0142o dotyczy obecnie wszystkich budynk\u00f3w, dla kt\u00f3rych pozwolenie na budow\u0119 wydano po wej\u015bciu w \u017cycie rozporz\u0105dzenia.<\/p>\n\n\n\n<p class=\"has-medium-font-size\">Analiza mo\u017cliwo\u015bci racjonalnego wykorzystania wysokoefektywnych system\u00f3w alternatywnych zaopatrzenia w energi\u0119 i ciep\u0142o powinna okre\u015bla\u0107:<\/p>\n\n\n\n<ul class=\"wp-block-list\">\n<li class=\"has-medium-font-size\">roczne zapotrzebowanie na energi\u0119 u\u017cytkow\u0105 do ogrzewania, wentylacji, przygotowania ciep\u0142ej -wody u\u017cytkowej oraz ch\u0142odzenia obliczone zgodnie z przepisami dotycz\u0105cymi metodologii obliczania charakterystyki energetycznej budynk\u00f3w,<\/li>\n\n\n\n<li class=\"has-medium-font-size\">dost\u0119pne no\u015bniki energii,<\/li>\n\n\n\n<li class=\"has-medium-font-size\">warunki przy\u0142\u0105czenia do sieci zewn\u0119trznych,<\/li>\n\n\n\n<li class=\"has-medium-font-size\">wyb\u00f3r dw\u00f3ch system\u00f3w zaopatrzenia w energi\u0119 do analizy por\u00f3wnawczej:\n<ul class=\"wp-block-list\">\n<li>systemu konwencjonalnego oraz systemu alternatywnego lub<\/li>\n\n\n\n<li>systemu konwencjonalnego oraz systemu hybrydowego, rozumianego jako po\u0142\u0105czenie systemu konwencjonalnego i alternatywnego, <\/li>\n\n\n\n<li>obliczenia optymalizacyjno-por\u00f3wnawcze dla wybranych system\u00f3w zaopatrzenia w energi\u0119,<br>wyniki analizy por\u00f3wnawczej i wyb\u00f3r systemu zaopatrzenia w energi\u0119.<\/li>\n<\/ul>\n<\/li>\n<\/ul>\n\n\n\n<div class=\"wp-block-columns is-layout-flex wp-container-core-columns-is-layout-9d6595d7 wp-block-columns-is-layout-flex\">\n<div class=\"wp-block-column is-layout-flow wp-block-column-is-layout-flow\"><div class=\"wp-block-image\">\n<figure class=\"aligncenter size-large\"><img loading=\"lazy\" decoding=\"async\" width=\"1024\" height=\"907\" src=\"https:\/\/www.inwerter.com\/wp-content\/uploads\/2026\/04\/11-1024x907.jpg\" alt=\"\" class=\"wp-image-1674\" srcset=\"https:\/\/www.inwerter.com\/wp-content\/uploads\/2026\/04\/11-1024x907.jpg 1024w, https:\/\/www.inwerter.com\/wp-content\/uploads\/2026\/04\/11-300x266.jpg 300w, https:\/\/www.inwerter.com\/wp-content\/uploads\/2026\/04\/11-768x680.jpg 768w, https:\/\/www.inwerter.com\/wp-content\/uploads\/2026\/04\/11-1536x1360.jpg 1536w, https:\/\/www.inwerter.com\/wp-content\/uploads\/2026\/04\/11-2048x1814.jpg 2048w\" sizes=\"auto, (max-width: 1024px) 100vw, 1024px\" \/><\/figure>\n<\/div><\/div>\n\n\n\n<div class=\"wp-block-column is-layout-flow wp-block-column-is-layout-flow\"><div class=\"wp-block-image\">\n<figure class=\"aligncenter size-large\"><img loading=\"lazy\" decoding=\"async\" width=\"1024\" height=\"962\" src=\"https:\/\/www.inwerter.com\/wp-content\/uploads\/2026\/04\/22-1024x962.jpg\" alt=\"\" class=\"wp-image-1675\" srcset=\"https:\/\/www.inwerter.com\/wp-content\/uploads\/2026\/04\/22-1024x962.jpg 1024w, https:\/\/www.inwerter.com\/wp-content\/uploads\/2026\/04\/22-300x282.jpg 300w, https:\/\/www.inwerter.com\/wp-content\/uploads\/2026\/04\/22-768x721.jpg 768w, https:\/\/www.inwerter.com\/wp-content\/uploads\/2026\/04\/22-1536x1442.jpg 1536w, https:\/\/www.inwerter.com\/wp-content\/uploads\/2026\/04\/22-2048x1923.jpg 2048w\" sizes=\"auto, (max-width: 1024px) 100vw, 1024px\" \/><\/figure>\n<\/div><\/div>\n<\/div>\n\n\n\n<hr class=\"wp-block-separator has-alpha-channel-opacity\"\/>\n\n\n\n<p class=\"has-medium-font-size\"><strong>Uzgodnienia PPO\u017c<\/strong><\/p>\n\n\n\n<p class=\"has-medium-font-size\">Wykonujemy projekty uzgodnienia przeciwpo\u017carowego instalacji fotowoltaicznych powy\u017cej 6,5 KWp (tzw. uzgodnienie pod wzgl\u0119dem ochrony przeciwpo\u017carowej). <\/p>\n\n\n\n<p class=\"has-medium-font-size\">Wi\u0119cej informacji &#8211;<a href=\"https:\/\/www.inwerter.com\/?p=572\" data-type=\"link\" data-id=\"https:\/\/www.inwerter.com\/?p=572\">https:\/\/www.inwerter.com\/?p=572<\/a><\/p>\n\n\n\n<hr class=\"wp-block-separator has-alpha-channel-opacity\"\/>\n\n\n\n<p class=\"has-medium-font-size\"><strong>Projekty sanitarne<\/strong><\/p>\n\n\n\n<p class=\"has-medium-font-size\">Wykonujemy projekty sanitarne wszystkich budynk\u00f3w, w tym:<br>&#8211; projekty ogrzewania (pod\u0142ogowego, grzejnikowego, wentylacyjnego), wykorzystuj\u0105cego \u017ar\u00f3d\u0142o ciep\u0142a jakim jest kocio\u0142 gazowy, wszystkie rodzaje pomp ciep\u0142a (w tym wymienniki gruntowe pionowo i poziome),<br>&#8211; projekty wentylacji (mechanicznej nawiewno-wywiewnej, mechanicznej z odzyskiem ciep\u0142a &#8211; rekuperacj\u0105, grawitacyjnej),<br>&#8211; projekty kanalizacji sanitarnej (w tym przy\u0142\u0105czy kanalizacyjnych), <br>&#8211; projekty przy\u0142\u0105czy wodoci\u0105gowych,<\/p>\n\n\n\n<div class=\"wp-block-columns is-layout-flex wp-container-core-columns-is-layout-9d6595d7 wp-block-columns-is-layout-flex\">\n<div class=\"wp-block-column is-layout-flow wp-block-column-is-layout-flow\"><div class=\"wp-block-image\">\n<figure class=\"aligncenter size-full is-resized\"><img loading=\"lazy\" decoding=\"async\" width=\"589\" height=\"602\" src=\"https:\/\/www.inwerter.com\/wp-content\/uploads\/2025\/12\/Bez-tytulu2.png\" alt=\"\" class=\"wp-image-1527\" style=\"aspect-ratio:0.9784384428581941;width:385px;height:auto\" srcset=\"https:\/\/www.inwerter.com\/wp-content\/uploads\/2025\/12\/Bez-tytulu2.png 589w, https:\/\/www.inwerter.com\/wp-content\/uploads\/2025\/12\/Bez-tytulu2-294x300.png 294w\" sizes=\"auto, (max-width: 589px) 100vw, 589px\" \/><\/figure>\n<\/div>\n\n\n<div class=\"wp-block-columns is-layout-flex wp-container-core-columns-is-layout-9d6595d7 wp-block-columns-is-layout-flex\">\n<div class=\"wp-block-column is-layout-flow wp-block-column-is-layout-flow\"><\/div>\n\n\n\n<div class=\"wp-block-column is-layout-flow wp-block-column-is-layout-flow\"><\/div>\n<\/div>\n<\/div>\n\n\n\n<div class=\"wp-block-column is-layout-flow wp-block-column-is-layout-flow\"><div class=\"wp-block-image\">\n<figure class=\"alignleft size-full is-resized\"><img loading=\"lazy\" decoding=\"async\" width=\"804\" height=\"758\" src=\"http:\/\/www.inwerter.com\/wp-content\/uploads\/2025\/12\/Bez-tytulu.png\" alt=\"\" class=\"wp-image-1526\" style=\"aspect-ratio:1.060662914321451;width:404px;height:auto\" srcset=\"https:\/\/www.inwerter.com\/wp-content\/uploads\/2025\/12\/Bez-tytulu.png 804w, https:\/\/www.inwerter.com\/wp-content\/uploads\/2025\/12\/Bez-tytulu-300x283.png 300w, https:\/\/www.inwerter.com\/wp-content\/uploads\/2025\/12\/Bez-tytulu-768x724.png 768w\" sizes=\"auto, (max-width: 804px) 100vw, 804px\" \/><\/figure>\n<\/div><\/div>\n<\/div>\n\n\n\n<div class=\"wp-block-columns is-layout-flex wp-container-core-columns-is-layout-9d6595d7 wp-block-columns-is-layout-flex\">\n<div class=\"wp-block-column is-layout-flow wp-block-column-is-layout-flow\"><div class=\"wp-block-image\">\n<figure class=\"aligncenter size-full\"><img loading=\"lazy\" decoding=\"async\" width=\"491\" height=\"518\" src=\"https:\/\/www.inwerter.com\/wp-content\/uploads\/2025\/12\/Bez-tytulu2-1.png\" alt=\"\" class=\"wp-image-1528\" srcset=\"https:\/\/www.inwerter.com\/wp-content\/uploads\/2025\/12\/Bez-tytulu2-1.png 491w, https:\/\/www.inwerter.com\/wp-content\/uploads\/2025\/12\/Bez-tytulu2-1-284x300.png 284w\" sizes=\"auto, (max-width: 491px) 100vw, 491px\" \/><\/figure>\n<\/div><\/div>\n\n\n\n<div class=\"wp-block-column is-layout-flow wp-block-column-is-layout-flow\"><div class=\"wp-block-image\">\n<figure class=\"aligncenter size-large is-resized\"><img loading=\"lazy\" decoding=\"async\" width=\"766\" height=\"1024\" src=\"http:\/\/www.inwerter.com\/wp-content\/uploads\/2025\/12\/Beznazwy-1-766x1024.jpg\" alt=\"\" class=\"wp-image-1509\" style=\"aspect-ratio:0.7480379194914062;width:369px;height:auto\" srcset=\"https:\/\/www.inwerter.com\/wp-content\/uploads\/2025\/12\/Beznazwy-1-766x1024.jpg 766w, https:\/\/www.inwerter.com\/wp-content\/uploads\/2025\/12\/Beznazwy-1-224x300.jpg 224w, https:\/\/www.inwerter.com\/wp-content\/uploads\/2025\/12\/Beznazwy-1-768x1027.jpg 768w, https:\/\/www.inwerter.com\/wp-content\/uploads\/2025\/12\/Beznazwy-1-1149x1536.jpg 1149w, https:\/\/www.inwerter.com\/wp-content\/uploads\/2025\/12\/Beznazwy-1.jpg 1240w\" sizes=\"auto, (max-width: 766px) 100vw, 766px\" \/><\/figure>\n<\/div><\/div>\n<\/div>\n\n\n\n<hr class=\"wp-block-separator has-alpha-channel-opacity\"\/>\n\n\n\n<p class=\"has-medium-font-size\"><strong>Projekty instalacji grzewczych zasilanych pomp\u0105 ciep\u0142a<\/strong> <strong>(wszystkie rodzaje)<\/strong><\/p>\n\n\n\n<p class=\"has-medium-font-size\">Zawarto\u015b\u0107 projektu:<br>&#8211; bilans termodynamiczny budynku,<br>&#8211; zapotrzebowanie energetyczne dla C.W.U.,<br>&#8211; ustalenie parametr\u00f3w pracy dla pompy ciep\u0142a, <br>&#8211; ustalenie temperatur dla C.O. i C.W.U.,<br>&#8211; identyfikacja parametr\u00f3w obiegu czynnika,<br>&#8211; schemat instalacji wodnej wsp\u00f3\u0142pracuj\u0105cej z pomp\u0105 ciep\u0142a,<br>&#8211; dob\u00f3r urz\u0105dze\u0144.<br><\/p>\n\n\n\n<figure class=\"wp-block-image size-large\"><img loading=\"lazy\" decoding=\"async\" width=\"1024\" height=\"516\" src=\"https:\/\/www.inwerter.com\/wp-content\/uploads\/2026\/03\/Beznazwy-1-1024x516.jpg\" alt=\"\" class=\"wp-image-1623\" srcset=\"https:\/\/www.inwerter.com\/wp-content\/uploads\/2026\/03\/Beznazwy-1-1024x516.jpg 1024w, https:\/\/www.inwerter.com\/wp-content\/uploads\/2026\/03\/Beznazwy-1-300x151.jpg 300w, https:\/\/www.inwerter.com\/wp-content\/uploads\/2026\/03\/Beznazwy-1-768x387.jpg 768w, https:\/\/www.inwerter.com\/wp-content\/uploads\/2026\/03\/Beznazwy-1-1536x774.jpg 1536w, https:\/\/www.inwerter.com\/wp-content\/uploads\/2026\/03\/Beznazwy-1-2048x1032.jpg 2048w\" sizes=\"auto, (max-width: 1024px) 100vw, 1024px\" \/><\/figure>\n\n\n\n<div class=\"wp-block-columns is-layout-flex wp-container-core-columns-is-layout-9d6595d7 wp-block-columns-is-layout-flex\">\n<div class=\"wp-block-column is-layout-flow wp-block-column-is-layout-flow\">\n<figure class=\"wp-block-image size-full\"><img loading=\"lazy\" decoding=\"async\" width=\"872\" height=\"679\" src=\"http:\/\/www.inwerter.com\/wp-content\/uploads\/2026\/03\/Bez-tytulu.png\" alt=\"\" class=\"wp-image-1624\" srcset=\"https:\/\/www.inwerter.com\/wp-content\/uploads\/2026\/03\/Bez-tytulu.png 872w, https:\/\/www.inwerter.com\/wp-content\/uploads\/2026\/03\/Bez-tytulu-300x234.png 300w, https:\/\/www.inwerter.com\/wp-content\/uploads\/2026\/03\/Bez-tytulu-768x598.png 768w\" sizes=\"auto, (max-width: 872px) 100vw, 872px\" \/><\/figure>\n<\/div>\n\n\n\n<div class=\"wp-block-column is-layout-flow wp-block-column-is-layout-flow\"><div class=\"wp-block-image\">\n<figure class=\"alignleft size-full\"><img loading=\"lazy\" decoding=\"async\" width=\"825\" height=\"566\" src=\"https:\/\/www.inwerter.com\/wp-content\/uploads\/2026\/03\/Bez-tytulu-2.png\" alt=\"\" class=\"wp-image-1627\" style=\"aspect-ratio:1.457654990955435\" srcset=\"https:\/\/www.inwerter.com\/wp-content\/uploads\/2026\/03\/Bez-tytulu-2.png 825w, https:\/\/www.inwerter.com\/wp-content\/uploads\/2026\/03\/Bez-tytulu-2-300x206.png 300w, https:\/\/www.inwerter.com\/wp-content\/uploads\/2026\/03\/Bez-tytulu-2-768x527.png 768w\" sizes=\"auto, (max-width: 825px) 100vw, 825px\" \/><\/figure>\n<\/div><\/div>\n<\/div>\n\n\n<div class=\"wp-block-image\">\n<figure class=\"aligncenter size-large\"><img loading=\"lazy\" decoding=\"async\" width=\"1024\" height=\"525\" src=\"http:\/\/www.inwerter.com\/wp-content\/uploads\/2026\/03\/Bez-tytulu-3-1024x525.png\" alt=\"\" class=\"wp-image-1631\" srcset=\"https:\/\/www.inwerter.com\/wp-content\/uploads\/2026\/03\/Bez-tytulu-3-1024x525.png 1024w, https:\/\/www.inwerter.com\/wp-content\/uploads\/2026\/03\/Bez-tytulu-3-300x154.png 300w, https:\/\/www.inwerter.com\/wp-content\/uploads\/2026\/03\/Bez-tytulu-3-768x393.png 768w, https:\/\/www.inwerter.com\/wp-content\/uploads\/2026\/03\/Bez-tytulu-3.png 1214w\" sizes=\"auto, (max-width: 1024px) 100vw, 1024px\" \/><\/figure>\n<\/div>\n\n\n<hr class=\"wp-block-separator has-alpha-channel-opacity\"\/>\n\n\n\n<p class=\"has-text-align-left has-medium-font-size\"><strong>Projekty architektoniczne<\/strong><\/p>\n\n\n\n<ol class=\"wp-block-list has-medium-font-size\">\n<li class=\"has-medium-font-size\">ETAP I &#8211; Projekt koncepcyjny<\/li>\n<\/ol>\n\n\n\n<ul class=\"wp-block-list has-medium-font-size\">\n<li>wst\u0119pny projekt koncepcyjny opracowany na podstawie MPZP oraz wytycznych Inwestora (rzuty<br>z aran\u017cacj\u0105 pomieszcze\u0144, wizualizacje 3D \u2013 2\/3 warianty),<\/li>\n\n\n\n<li>model 3D budynku oraz wirtualny spacer obrazuj\u0105cy projektowany budynek,<\/li>\n\n\n\n<li>ostateczny projekt koncepcyjny po akceptacji projektu wst\u0119pnego (rzuty z aran\u017cacj\u0105 pomieszcze\u0144, przekroje,<br>wizualizacje 3D).<\/li>\n<\/ul>\n\n\n\n<ol class=\"wp-block-list has-medium-font-size\">\n<li class=\"has-medium-font-size\">ETAP II &#8211; Projekt architektoniczno-budowlany<\/li>\n<\/ol>\n\n\n\n<ul class=\"wp-block-list has-medium-font-size\">\n<li>inwentaryzacja,<\/li>\n\n\n\n<li>projekt zagospodarowania terenu,<\/li>\n\n\n\n<li>projekt architektoniczno-budowlany w zakresie niezb\u0119dnym do uzyskania pozwolenia na budow\u0119 (projekt<br>sporz\u0105dzony w trzech egzemplarzach, zawieraj\u0105cy cz\u0119\u015b\u0107 opisow\u0105, rysunkow\u0105 i formalno-prawn\u0105),<\/li>\n\n\n\n<li>uzyskanie w imieniu Inwestora wszelkich niezb\u0119dnych uzgodnie\u0144, pozwole\u0144 i warunk\u00f3w,<\/li>\n\n\n\n<li>przygotowanie wyst\u0105pie\u0144 i wniosk\u00f3w niezb\u0119dnych do uzyskania pozwolenia na budow\u0119,<\/li>\n\n\n\n<li>uzgodnienie z rzeczoznawc\u0105 ds. zabezpiecze\u0144 higieniczno-sanitarnych,<\/li>\n\n\n\n<li>uzgodnienie z rzeczoznawc\u0105 ds. zabezpiecze\u0144 p-po\u017c,<\/li>\n\n\n\n<li>etap zako\u0144czony uzyskaniem pozwolenia na budow\u0119.<\/li>\n<\/ul>\n\n\n\n<ol class=\"wp-block-list\">\n<li class=\"has-medium-font-size\">ETAP III &#8211; Projekt wykonawczy, nadz\u00f3r autorski<\/li>\n<\/ol>\n\n\n\n<ul class=\"wp-block-list\">\n<li class=\"has-medium-font-size\">projekt wykonawczy, architektura opracowana w formie rysunk\u00f3w wykonawczych z opisanymi rozwi\u0105zaniami<br>technicznymi (w zale\u017cno\u015bci od skomplikowania projektu opracowanie zawiera szczeg\u00f3\u0142owe detale architektoniczne),<\/li>\n\n\n\n<li class=\"has-medium-font-size\">kompleksowy nadz\u00f3r od pocz\u0105tku prac projektowych, do ko\u0144ca prac budowlanych,<\/li>\n\n\n\n<li class=\"has-medium-font-size\">om\u00f3wienie i przekazanie projektu wykonawcy,<\/li>\n\n\n\n<li class=\"has-medium-font-size\">wyja\u015bnianie w\u0105tpliwo\u015bci dotycz\u0105cych rozwi\u0105za\u0144 konstrukcyjno-materia\u0142owych zastosowanych w projekcie,<\/li>\n\n\n\n<li class=\"has-medium-font-size\">pilnowanie prawid\u0142owej realizacji budowy pod wzgl\u0119dem zgodno\u015bci rozwi\u0105za\u0144 estetycznych, technicznych,<br>materia\u0142owych i u\u017cytkowych,<\/li>\n\n\n\n<li class=\"has-medium-font-size\">uzgodnienie z inwestorem i kierownikiem budowy mo\u017cliwo\u015bci wprowadzenia rozwi\u0105za\u0144 zamiennych w stosunku do<br>przewidzianych w dokumentacji projektowej materia\u0142\u00f3w i urz\u0105dze\u0144,<\/li>\n\n\n\n<li class=\"has-medium-font-size\">czuwanie, aby zakres wprowadzanych zmian nie spowodowa\u0142 istotnej zmiany zatwierdzonego projektu budowlanego,<\/li>\n\n\n\n<li class=\"has-medium-font-size\">konsultacje oraz doradztwo podczas procesu realizacji inwestycji,<\/li>\n\n\n\n<li class=\"has-medium-font-size\">sprawdzanie i odbi\u00f3r poszczeg\u00f3lnych prac budowlanych.<\/li>\n<\/ul>\n\n\n\n<div class=\"wp-block-columns is-layout-flex wp-container-core-columns-is-layout-9d6595d7 wp-block-columns-is-layout-flex\">\n<div class=\"wp-block-column is-layout-flow wp-block-column-is-layout-flow\"><div class=\"wp-block-image\">\n<figure class=\"aligncenter size-full is-resized\"><img loading=\"lazy\" decoding=\"async\" width=\"590\" height=\"462\" src=\"https:\/\/www.inwerter.com\/wp-content\/uploads\/2025\/12\/Bez-tytulu-1.png\" alt=\"\" class=\"wp-image-1531\" style=\"aspect-ratio:1.2770656475124293;width:840px;height:auto\" srcset=\"https:\/\/www.inwerter.com\/wp-content\/uploads\/2025\/12\/Bez-tytulu-1.png 590w, https:\/\/www.inwerter.com\/wp-content\/uploads\/2025\/12\/Bez-tytulu-1-300x235.png 300w\" sizes=\"auto, (max-width: 590px) 100vw, 590px\" \/><\/figure>\n<\/div>\n\n<div class=\"wp-block-image\">\n<figure class=\"aligncenter size-large\"><img loading=\"lazy\" decoding=\"async\" width=\"1024\" height=\"576\" src=\"https:\/\/www.inwerter.com\/wp-content\/uploads\/2026\/04\/cd7e78c1-d325-48ae-b57d-0638ab58c829-1024x576.jpg\" alt=\"\" class=\"wp-image-1661\" srcset=\"https:\/\/www.inwerter.com\/wp-content\/uploads\/2026\/04\/cd7e78c1-d325-48ae-b57d-0638ab58c829-1024x576.jpg 1024w, https:\/\/www.inwerter.com\/wp-content\/uploads\/2026\/04\/cd7e78c1-d325-48ae-b57d-0638ab58c829-300x169.jpg 300w, https:\/\/www.inwerter.com\/wp-content\/uploads\/2026\/04\/cd7e78c1-d325-48ae-b57d-0638ab58c829-768x432.jpg 768w, https:\/\/www.inwerter.com\/wp-content\/uploads\/2026\/04\/cd7e78c1-d325-48ae-b57d-0638ab58c829-1536x863.jpg 1536w, https:\/\/www.inwerter.com\/wp-content\/uploads\/2026\/04\/cd7e78c1-d325-48ae-b57d-0638ab58c829.jpg 2048w\" sizes=\"auto, (max-width: 1024px) 100vw, 1024px\" \/><\/figure>\n<\/div><\/div>\n<\/div>\n\n\n\n<hr class=\"wp-block-separator has-alpha-channel-opacity\"\/>\n\n\n\n<h2 class=\"wp-block-heading has-text-align-center\">Skontaktuj si\u0119 z nami mailowo lub telefonicznie!<\/h2>\n\n\n\n<p class=\"has-text-align-center has-large-font-size\"><strong><em>tel. 790 338 616<\/em><\/strong><\/p>\n\n\n\n<hr class=\"wp-block-separator has-alpha-channel-opacity\"\/>\n<\/div><\/div>\n<\/div><\/div>\n\n\n\n<p><\/p>\n","protected":false},"excerpt":{"rendered":"<p>Projekty MES Dob\u00f3r materia\u0142\u00f3w i weryfikacja za\u0142o\u017ce\u0144 konstrukcyjnych z wykorzystaniem symulacji MESWykorzystujemy zaawansowane modele materia\u0142owe dost\u0119pne w Ansys Mechanical (m.in.&nbsp;modele spr\u0119\u017cyste, plastyczne, hiperelastyczne) do precyzyjnego odwzorowania zachowania element\u00f3w. Poprzez symulacje&hellip; <\/p>\n","protected":false},"author":1,"featured_media":0,"parent":0,"menu_order":0,"comment_status":"closed","ping_status":"closed","template":"","meta":{"footnotes":""},"class_list":["post-1439","page","type-page","status-publish","hentry"],"_links":{"self":[{"href":"https:\/\/www.inwerter.com\/index.php?rest_route=\/wp\/v2\/pages\/1439","targetHints":{"allow":["GET"]}}],"collection":[{"href":"https:\/\/www.inwerter.com\/index.php?rest_route=\/wp\/v2\/pages"}],"about":[{"href":"https:\/\/www.inwerter.com\/index.php?rest_route=\/wp\/v2\/types\/page"}],"author":[{"embeddable":true,"href":"https:\/\/www.inwerter.com\/index.php?rest_route=\/wp\/v2\/users\/1"}],"replies":[{"embeddable":true,"href":"https:\/\/www.inwerter.com\/index.php?rest_route=%2Fwp%2Fv2%2Fcomments&post=1439"}],"version-history":[{"count":60,"href":"https:\/\/www.inwerter.com\/index.php?rest_route=\/wp\/v2\/pages\/1439\/revisions"}],"predecessor-version":[{"id":1680,"href":"https:\/\/www.inwerter.com\/index.php?rest_route=\/wp\/v2\/pages\/1439\/revisions\/1680"}],"wp:attachment":[{"href":"https:\/\/www.inwerter.com\/index.php?rest_route=%2Fwp%2Fv2%2Fmedia&parent=1439"}],"curies":[{"name":"wp","href":"https:\/\/api.w.org\/{rel}","templated":true}]}}